{"id":1422,"date":"2015-02-05T08:33:19","date_gmt":"2015-02-05T07:33:19","guid":{"rendered":"http:\/\/www.keetkoor.nl\/?page_id=1422"},"modified":"2023-08-30T20:00:59","modified_gmt":"2023-08-30T19:00:59","slug":"agenda","status":"publish","type":"page","link":"https:\/\/www.keetkoor.nl\/?page_id=1422","title":{"rendered":"Agenda"},"content":{"rendered":"<h3>11 mei 2019: \u00a0Feestelijke opening Groote Keeten&#8217;s nieuwe plein, 15:00 uur.<\/h3>\n<p>Op 11 mei luisteren wij muzikaal de opening van Groote Keeten\u2019s nieuwe plein op met DRIE nummers: \u201cMooi Waaien\u201d, \u201c Zoutelande\u201d (Groote Keeten) en \u201cTerug naar de Kust\u201d. Het start om 15:00 uur.<\/p>\n<p><a href=\"http:\/\/www.keetkoor.nl\/wp-content\/uploads\/2019\/05\/uitnodiging-opening-11-mei-2019.jpg\"><img loading=\"lazy\" decoding=\"async\" class=\"size-medium wp-image-1854 aligncenter\" src=\"http:\/\/www.keetkoor.nl\/wp-content\/uploads\/2019\/05\/uitnodiging-opening-11-mei-2019-225x300.jpg\" alt=\"\" width=\"225\" height=\"300\" srcset=\"https:\/\/www.keetkoor.nl\/wp-content\/uploads\/2019\/05\/uitnodiging-opening-11-mei-2019-225x300.jpg 225w, https:\/\/www.keetkoor.nl\/wp-content\/uploads\/2019\/05\/uitnodiging-opening-11-mei-2019.jpg 725w\" sizes=\"auto, (max-width: 225px) 100vw, 225px\" \/><\/a><\/p>\n<h3>1 juni 2019: Beeldentuin \u201cDe Booghgaard\u201d, 14:00 en 15:00 uur.<\/h3>\n<p>Een jaarlijks terugkerend optreden in Beeldentuin \u201cDe Booghgaard\u201d. Entree is GRATIS.<\/p>\n<h3>14 juni 2019: Opening KunstRoute Zijpe<\/h3>\n<p>Het grote, tweejaarlijkse, culturele evenement KUNSTROUTE ZIJPE, zal wederom plaatshebben op- en rondom het strand en de zee.<\/p>\n<p>De offici\u00eble opening, \u2019s avonds rond 19:00 uur, zal plaatsvinden bij strandopgang De Kiefteglop, Callantsoog.<\/p>\n<p>KeetKoor zal twee uur lang optredens verzorgen, met repertoire van- en over DE ZEE.<br \/>\n<a href=\"http:\/\/www.keetkoor.nl\/wp-content\/uploads\/2017\/09\/20170903_kunstroute_03.jpg\"><img loading=\"lazy\" decoding=\"async\" class=\"  wp-image-1681 aligncenter\" src=\"http:\/\/www.keetkoor.nl\/wp-content\/uploads\/2017\/09\/20170903_kunstroute_03-300x224.jpg\" alt=\"20170903_kunstroute_03\" width=\"401\" height=\"299\" srcset=\"https:\/\/www.keetkoor.nl\/wp-content\/uploads\/2017\/09\/20170903_kunstroute_03-300x224.jpg 300w, https:\/\/www.keetkoor.nl\/wp-content\/uploads\/2017\/09\/20170903_kunstroute_03.jpg 1024w\" sizes=\"auto, (max-width: 401px) 100vw, 401px\" \/><\/a><\/p>\n<h3>16 juni 2019: \u201cleidend koor\u201d KORENDAG KunstRoute<\/h3>\n<p>in het kader van KUNSTROUTE ZIJPE zal weer een \u201ckoren-dag\u201d georganiseerd worden. Deze zondag zullen zo\u2019n 10 \u00e1 12 koren een optreden verzorgen, in iedere strandtent tussen Petten en Groote Keeten.<\/p>\n<p>KeetKoor is die dag \u201cleidend koor\u201d: wij trekken over het strand in een -speciaal daarvoor gebouwde- kar en openen ieder optreden van ieder koor. Deze dag zal rond 10:00 uur aanvangen.<a href=\"http:\/\/www.keetkoor.nl\/wp-content\/uploads\/2018\/06\/kunstroute_2017.jpg\"><img loading=\"lazy\" decoding=\"async\" class=\"wp-image-1795 aligncenter\" src=\"http:\/\/www.keetkoor.nl\/wp-content\/uploads\/2018\/06\/kunstroute_2017-300x199.jpg\" alt=\"Kunstroute 2017\" width=\"427\" height=\"283\" srcset=\"https:\/\/www.keetkoor.nl\/wp-content\/uploads\/2018\/06\/kunstroute_2017-300x199.jpg 300w, https:\/\/www.keetkoor.nl\/wp-content\/uploads\/2018\/06\/kunstroute_2017-1024x680.jpg 1024w, https:\/\/www.keetkoor.nl\/wp-content\/uploads\/2018\/06\/kunstroute_2017-207x136.jpg 207w, https:\/\/www.keetkoor.nl\/wp-content\/uploads\/2018\/06\/kunstroute_2017-140x94.jpg 140w, https:\/\/www.keetkoor.nl\/wp-content\/uploads\/2018\/06\/kunstroute_2017.jpg 1626w\" sizes=\"auto, (max-width: 427px) 100vw, 427px\" \/><\/a><\/p>\n<h3><b>\u201cWIST U DAT\u2026\u2026.\u201d<\/b><\/h3>\n<ul>\n<li>KeetKoor continu zich inspant om haar repertoire te vernieuwen?<\/li>\n<li>KeetKoor een uitermate succesvolle \u201ctour\u201d heeft gemaakt met Studio Noordholland?<\/li>\n<li>KeetKoor werkt aan een nieuw KERST-programma?<\/li>\n<li>KeetKoor werkt aan een brede selectie uit vermaard \u201cBeatles\u201d-repertoire?<\/li>\n<li>KeetKoor uitblinkt in repertoire, waarin DE ZEE een hoofdrol speelt?<\/li>\n<li>KeetKoor het altijd weer fant\u00e1stisch vindt U te mogen ontmoeten op \u00e9\u00e9n van haar optredens?<\/li>\n<\/ul>\n","protected":false},"excerpt":{"rendered":"<p>11 mei 2019: \u00a0Feestelijke opening Groote Keeten&#8217;s nieuwe plein, 15:00 uur. Op 11 mei luisteren wij muzikaal de opening van Groote Keeten\u2019s nieuwe plein op met DRIE nummers: \u201cMooi Waaien\u201d, \u201c Zoutelande\u201d (Groote Keeten) en \u201cTerug naar de Kust\u201d. Het start om 15:00 uur. 1 juni 2019: Beeldentuin \u201cDe Booghgaard\u201d, 14:00 en 15:00 uur. Een [&hellip;]<\/p>\n","protected":false},"author":39,"featured_media":0,"parent":0,"menu_order":0,"comment_status":"closed","ping_status":"closed","template":"","meta":{"footnotes":""},"class_list":["post-1422","page","type-page","status-publish","hentry"],"_links":{"self":[{"href":"https:\/\/www.keetkoor.nl\/index.php?rest_route=\/wp\/v2\/pages\/1422","targetHints":{"allow":["GET"]}}],"collection":[{"href":"https:\/\/www.keetkoor.nl\/index.php?rest_route=\/wp\/v2\/pages"}],"about":[{"href":"https:\/\/www.keetkoor.nl\/index.php?rest_route=\/wp\/v2\/types\/page"}],"author":[{"embeddable":true,"href":"https:\/\/www.keetkoor.nl\/index.php?rest_route=\/wp\/v2\/users\/39"}],"replies":[{"embeddable":true,"href":"https:\/\/www.keetkoor.nl\/index.php?rest_route=%2Fwp%2Fv2%2Fcomments&post=1422"}],"version-history":[{"count":58,"href":"https:\/\/www.keetkoor.nl\/index.php?rest_route=\/wp\/v2\/pages\/1422\/revisions"}],"predecessor-version":[{"id":2082,"href":"https:\/\/www.keetkoor.nl\/index.php?rest_route=\/wp\/v2\/pages\/1422\/revisions\/2082"}],"wp:attachment":[{"href":"https:\/\/www.keetkoor.nl\/index.php?rest_route=%2Fwp%2Fv2%2Fmedia&parent=1422"}],"curies":[{"name":"wp","href":"https:\/\/api.w.org\/{rel}","templated":true}]}}